{"id":207,"date":"2021-03-22T00:55:56","date_gmt":"2021-03-22T00:55:56","guid":{"rendered":"https:\/\/lavigneontario.ca\/?page_id=207"},"modified":"2026-04-13T01:19:20","modified_gmt":"2026-04-13T01:19:20","slug":"location-de-salle","status":"publish","type":"page","link":"https:\/\/lavigneontario.ca\/en\/location-de-salle\/","title":{"rendered":"Renting the Hall"},"content":{"rendered":"<figure class=\"wp-block-gallery aligncenter has-nested-images columns-default is-cropped wp-block-gallery-1 is-layout-flex wp-block-gallery-is-layout-flex\">\n<figure class=\"wp-block-image size-large\"><img loading=\"lazy\" decoding=\"async\" width=\"1024\" height=\"678\" data-id=\"109\" src=\"https:\/\/lavigneontario.ca\/wp-content\/uploads\/2021\/03\/IMGP8863-1-1024x678.jpg\" alt=\"D\u00e9cors de No\u00ebl au CCL Christmar Decor\" class=\"wp-image-109\" srcset=\"https:\/\/lavigneontario.ca\/wp-content\/uploads\/2021\/03\/IMGP8863-1-1024x678.jpg 1024w, https:\/\/lavigneontario.ca\/wp-content\/uploads\/2021\/03\/IMGP8863-1-300x199.jpg 300w, https:\/\/lavigneontario.ca\/wp-content\/uploads\/2021\/03\/IMGP8863-1-768x509.jpg 768w, https:\/\/lavigneontario.ca\/wp-content\/uploads\/2021\/03\/IMGP8863-1-1536x1017.jpg 1536w, https:\/\/lavigneontario.ca\/wp-content\/uploads\/2021\/03\/IMGP8863-1-2048x1356.jpg 2048w, https:\/\/lavigneontario.ca\/wp-content\/uploads\/2021\/03\/IMGP8863-1-16x12.jpg 16w\" sizes=\"auto, (max-width: 1024px) 100vw, 1024px\" \/><\/figure>\n\n\n\n<figure class=\"wp-block-image size-large\"><img loading=\"lazy\" decoding=\"async\" width=\"1024\" height=\"605\" data-id=\"199\" src=\"https:\/\/lavigneontario.ca\/wp-content\/uploads\/2021\/03\/Interieur-4-Centre-1024x605.jpg\" alt=\"Int\u00e9rieur du centre Interior of Centre\" class=\"wp-image-199\" srcset=\"https:\/\/lavigneontario.ca\/wp-content\/uploads\/2021\/03\/Interieur-4-Centre-1024x605.jpg 1024w, https:\/\/lavigneontario.ca\/wp-content\/uploads\/2021\/03\/Interieur-4-Centre-300x177.jpg 300w, https:\/\/lavigneontario.ca\/wp-content\/uploads\/2021\/03\/Interieur-4-Centre-768x454.jpg 768w, https:\/\/lavigneontario.ca\/wp-content\/uploads\/2021\/03\/Interieur-4-Centre-1536x908.jpg 1536w, https:\/\/lavigneontario.ca\/wp-content\/uploads\/2021\/03\/Interieur-4-Centre-16x9.jpg 16w, https:\/\/lavigneontario.ca\/wp-content\/uploads\/2021\/03\/Interieur-4-Centre.jpg 1882w\" sizes=\"auto, (max-width: 1024px) 100vw, 1024px\" \/><\/figure>\n\n\n\n<figure class=\"wp-block-image size-large\"><img loading=\"lazy\" decoding=\"async\" width=\"1024\" height=\"678\" data-id=\"134\" src=\"https:\/\/lavigneontario.ca\/wp-content\/uploads\/2021\/03\/IMGP2215-1024x678.jpg\" alt=\"Int\u00e9rieur du CCL avec tables en carr\u00e9 Square placed tables Interior of the Centre\" class=\"wp-image-134\" srcset=\"https:\/\/lavigneontario.ca\/wp-content\/uploads\/2021\/03\/IMGP2215-1024x678.jpg 1024w, https:\/\/lavigneontario.ca\/wp-content\/uploads\/2021\/03\/IMGP2215-300x199.jpg 300w, https:\/\/lavigneontario.ca\/wp-content\/uploads\/2021\/03\/IMGP2215-768x509.jpg 768w, https:\/\/lavigneontario.ca\/wp-content\/uploads\/2021\/03\/IMGP2215-1536x1017.jpg 1536w, https:\/\/lavigneontario.ca\/wp-content\/uploads\/2021\/03\/IMGP2215-2048x1356.jpg 2048w, https:\/\/lavigneontario.ca\/wp-content\/uploads\/2021\/03\/IMGP2215-16x12.jpg 16w\" sizes=\"auto, (max-width: 1024px) 100vw, 1024px\" \/><\/figure>\n<\/figure>\n\n\n\n<p>The CCL hall is available for rental for anyone needing a large venue for an event, whether it\u2019s a wedding, a funeral gathering, a family reunion, an anniversary, a fundraiser and more.<\/p>\n\n\n\n<p>Our prices are very reasonable for what we have to offer.<\/p>\n\n\n\n<p>If you have any questions or if you would like more information on our services, please feel free to reach out to us. Our contact information is located under the Contact Us tab.<\/p>\n\n\n\n<p><br><\/p>\n\n\n\n<div class=\"wp-block-buttons is-layout-flex wp-block-buttons-is-layout-flex\">\n<div class=\"wp-block-button is-style-shadow\"><a class=\"wp-block-button__link has-text-color has-background wp-element-button\" href=\"https:\/\/lavigneontario.ca\/en\/reserver\/\" style=\"color:#0b1993;background-color:#f0f0f0\"><strong>Book the Hall<\/strong><\/a><\/div>\n<\/div>\n\n\n\n<p style=\"font-size:18px\"><strong>Hall Rental Facts:<\/strong><\/p>\n\n\n\n<p><strong>Capacity:<\/strong><br>Chairs Only: 467<br>Tables and Chairs for dining only: 396<br>Tables and Chairs for Dinner &amp; Dancing: 300<br>Table and Chairs (other): 396<br> <\/p>\n\n\n\n<p><strong>Kitchen Amenities:<\/strong><br>Fridges (2)<br>Gas ranges with oven (2)<br>Electric stove<br>Dishwasher<br>Bar fridge<br>Limited supply of dishes (for 300)<br>Pots and pans<br>Carafes for coffee and tea<br>Fryers (5)<\/p>\n\n\n\n<p><strong>High Speed Internet<\/strong> (wireless) <\/p>\n\n\n\n<p><strong>Additional Rental Options:<\/strong><br>Bar service<br>Audiovisual system rental<\/p>\n\n\n\n<p><strong>Note:<\/strong><br>The CCL hall is a shared community resource. It is maintained by community volunteers. Individuals or groups renting the facility are expected to leave the building clean and tidy after their event. This is part of the formal rental agreement.<br><br><\/p>\n\n\n\n<div class=\"wp-block-buttons is-layout-flex wp-block-buttons-is-layout-flex\">\n<div class=\"wp-block-button is-style-shadow\"><a class=\"wp-block-button__link has-text-color has-background wp-element-button\" href=\"https:\/\/lavigneontario.ca\/wp-content\/uploads\/2023\/04\/CCL-Contrat-de-location-de-la-salle-Hall-Rental-Agreement-2023.pdf\" style=\"color:#0b1993;background-color:#f0f0f0\">Rental Agreement<\/a><\/div>\n\n\n\n<div class=\"wp-block-button is-style-shadow\"><a class=\"wp-block-button__link has-text-color has-background wp-element-button\" href=\"https:\/\/lavigneontario.ca\/wp-content\/uploads\/2023\/04\/Location-du-CCL-Hall-Rental-Info-Billingue-02-2023.pdf\" style=\"color:#0b1993;background-color:#f0f0f0\">Hall Information Sheet<\/a><\/div>\n<\/div>\n\n\n\n<p><\/p>","protected":false},"excerpt":{"rendered":"<p>La salle du CCL est disponible \u00e0 louer pour toutes les personnes ayant besoin d&rsquo;un grand lieu pour un \u00e9v\u00e9nement que ce soit pour un mariage, un rassemblement fun\u00e9raire, une r\u00e9ception, une r\u00e9union familiale, un anniversaire, une collecte de fonds, ou autre. Nos prix sont tr\u00e8s raisonnables pour ce que nous avons \u00e0 offrir. Si [&hellip;]<\/p>\n","protected":false},"author":1,"featured_media":0,"parent":0,"menu_order":0,"comment_status":"closed","ping_status":"closed","template":"","meta":{"_coblocks_attr":"","_coblocks_dimensions":"","_coblocks_responsive_height":"","_coblocks_accordion_ie_support":"","footnotes":""},"class_list":["post-207","page","type-page","status-publish","hentry","post"],"_links":{"self":[{"href":"https:\/\/lavigneontario.ca\/en\/wp-json\/wp\/v2\/pages\/207","targetHints":{"allow":["GET"]}}],"collection":[{"href":"https:\/\/lavigneontario.ca\/en\/wp-json\/wp\/v2\/pages"}],"about":[{"href":"https:\/\/lavigneontario.ca\/en\/wp-json\/wp\/v2\/types\/page"}],"author":[{"embeddable":true,"href":"https:\/\/lavigneontario.ca\/en\/wp-json\/wp\/v2\/users\/1"}],"replies":[{"embeddable":true,"href":"https:\/\/lavigneontario.ca\/en\/wp-json\/wp\/v2\/comments?post=207"}],"version-history":[{"count":41,"href":"https:\/\/lavigneontario.ca\/en\/wp-json\/wp\/v2\/pages\/207\/revisions"}],"predecessor-version":[{"id":1430,"href":"https:\/\/lavigneontario.ca\/en\/wp-json\/wp\/v2\/pages\/207\/revisions\/1430"}],"wp:attachment":[{"href":"https:\/\/lavigneontario.ca\/en\/wp-json\/wp\/v2\/media?parent=207"}],"curies":[{"name":"wp","href":"https:\/\/api.w.org\/{rel}","templated":true}]}}