{"id":203,"date":"2021-03-22T00:49:16","date_gmt":"2021-03-22T00:49:16","guid":{"rendered":"https:\/\/lavigneontario.ca\/?page_id=203"},"modified":"2026-04-13T01:16:21","modified_gmt":"2026-04-13T01:16:21","slug":"benevolat","status":"publish","type":"page","link":"https:\/\/lavigneontario.ca\/en\/benevolat\/","title":{"rendered":"Volunteering"},"content":{"rendered":"<div class=\"wp-block-columns is-layout-flex wp-container-core-columns-is-layout-9d6595d7 wp-block-columns-is-layout-flex\">\n<div class=\"wp-block-column is-layout-flow wp-block-column-is-layout-flow\" style=\"flex-basis:100%\">\n<div class=\"wp-block-group\"><div class=\"wp-block-group__inner-container is-layout-flow wp-block-group-is-layout-flow\">\n<div aria-label=\"Carousel Gallery\" class=\"wp-block-coblocks-gallery-carousel alignfull\"><div class=\"coblocks-gallery-carousel-swiper-container is-cropped coblocks-gallery has-caption-style-dark has-horizontal-gutter has-no-thumbnails\"><div class=\"has-carousel has-carousel-xlrg swiper-container\" data-swiper=\"{&quot;alignCells&quot;:false,&quot;autoPlay&quot;:true,&quot;autoPlaySpeed&quot;:&quot;5000&quot;,&quot;draggable&quot;:true,&quot;freeMode&quot;:false,&quot;loop&quot;:true,&quot;navigation&quot;:true,&quot;pageDots&quot;:false,&quot;pauseHover&quot;:true,&quot;responsiveHeight&quot;:false,&quot;slidesPerView&quot;:1,&quot;thumbnails&quot;:false,&quot;uuid&quot;:&quot;12345&quot;}\" style=\"height:530px\"><div class=\"swiper-wrapper\"><div class=\"swiper-slide\"><div class=\"coblocks-gallery--item\" role=\"button\" tabindex=\"0\"><figure class=\"coblocks-gallery--figure has-margin-left-5 has-margin-left-mobile-5 has-margin-right-5 has-margin-right-mobile-5\"><img loading=\"lazy\" decoding=\"async\" width=\"720\" height=\"960\" alt=\"B\u00e9n\u00e9voles qui servent un repas Volunteers serving a meal\" class=\"wp-image-185\" data-id=\"185\" src=\"https:\/\/lavigneontario.ca\/wp-content\/uploads\/2021\/03\/22406049_1625102550873233_2953656981606740528_n.jpg\" srcset=\"https:\/\/lavigneontario.ca\/wp-content\/uploads\/2021\/03\/22406049_1625102550873233_2953656981606740528_n.jpg 720w, https:\/\/lavigneontario.ca\/wp-content\/uploads\/2021\/03\/22406049_1625102550873233_2953656981606740528_n-225x300.jpg 225w, https:\/\/lavigneontario.ca\/wp-content\/uploads\/2021\/03\/22406049_1625102550873233_2953656981606740528_n-9x12.jpg 9w\" sizes=\"auto, (max-width: 720px) 100vw, 720px\" \/><\/figure><figcaption class=\"coblocks-gallery--caption coblocks-gallery--primary-caption\"><\/figcaption><\/div><\/div><div class=\"swiper-slide\"><div class=\"coblocks-gallery--item\" role=\"button\" tabindex=\"1\"><figure class=\"coblocks-gallery--figure has-margin-left-5 has-margin-left-mobile-5 has-margin-right-5 has-margin-right-mobile-5\"><img loading=\"lazy\" decoding=\"async\" width=\"480\" height=\"360\" alt=\"B\u00e9n\u00e9voles parc riverain qui b\u00e2tissent des jardins Volunteers Waterfront Park building raised gardens\" class=\"wp-image-174\" data-id=\"174\" src=\"https:\/\/lavigneontario.ca\/wp-content\/uploads\/2021\/03\/20597040_1552936474756508_3420242073994789857_n.jpg\" srcset=\"https:\/\/lavigneontario.ca\/wp-content\/uploads\/2021\/03\/20597040_1552936474756508_3420242073994789857_n.jpg 480w, https:\/\/lavigneontario.ca\/wp-content\/uploads\/2021\/03\/20597040_1552936474756508_3420242073994789857_n-300x225.jpg 300w, https:\/\/lavigneontario.ca\/wp-content\/uploads\/2021\/03\/20597040_1552936474756508_3420242073994789857_n-16x12.jpg 16w\" sizes=\"auto, (max-width: 480px) 100vw, 480px\" \/><\/figure><figcaption class=\"coblocks-gallery--caption coblocks-gallery--primary-caption\"><\/figcaption><\/div><\/div><div class=\"swiper-slide\"><div class=\"coblocks-gallery--item\" role=\"button\" tabindex=\"2\"><figure class=\"coblocks-gallery--figure has-margin-left-5 has-margin-left-mobile-5 has-margin-right-5 has-margin-right-mobile-5\"><img loading=\"lazy\" decoding=\"async\" width=\"320\" height=\"240\" alt=\"B\u00e9n\u00e9voles dans la cuisine Volunteers in the Kitchen\" class=\"wp-image-247\" data-id=\"247\" src=\"https:\/\/lavigneontario.ca\/wp-content\/uploads\/2021\/03\/17309519_1407998262583664_1837275819820271540_n-1.jpg\" srcset=\"https:\/\/lavigneontario.ca\/wp-content\/uploads\/2021\/03\/17309519_1407998262583664_1837275819820271540_n-1.jpg 320w, https:\/\/lavigneontario.ca\/wp-content\/uploads\/2021\/03\/17309519_1407998262583664_1837275819820271540_n-1-300x225.jpg 300w, https:\/\/lavigneontario.ca\/wp-content\/uploads\/2021\/03\/17309519_1407998262583664_1837275819820271540_n-1-16x12.jpg 16w\" sizes=\"auto, (max-width: 320px) 100vw, 320px\" \/><\/figure><figcaption class=\"coblocks-gallery--caption coblocks-gallery--primary-caption\"><\/figcaption><\/div><\/div><div class=\"swiper-slide\"><div class=\"coblocks-gallery--item\" role=\"button\" tabindex=\"3\"><figure class=\"coblocks-gallery--figure has-margin-left-5 has-margin-left-mobile-5 has-margin-right-5 has-margin-right-mobile-5\"><img loading=\"lazy\" decoding=\"async\" width=\"720\" height=\"960\" alt=\"B\u00e9n\u00e9voles parc riverain installent des tables Waterfront Park Volunteers installing Tables\" class=\"wp-image-184\" data-id=\"184\" src=\"https:\/\/lavigneontario.ca\/wp-content\/uploads\/2021\/03\/22046564_1610998752283613_1521560577193441013_n.jpg\" srcset=\"https:\/\/lavigneontario.ca\/wp-content\/uploads\/2021\/03\/22046564_1610998752283613_1521560577193441013_n.jpg 720w, https:\/\/lavigneontario.ca\/wp-content\/uploads\/2021\/03\/22046564_1610998752283613_1521560577193441013_n-225x300.jpg 225w, https:\/\/lavigneontario.ca\/wp-content\/uploads\/2021\/03\/22046564_1610998752283613_1521560577193441013_n-9x12.jpg 9w\" sizes=\"auto, (max-width: 720px) 100vw, 720px\" \/><\/figure><figcaption class=\"coblocks-gallery--caption coblocks-gallery--primary-caption\"><\/figcaption><\/div><\/div><div class=\"swiper-slide\"><div class=\"coblocks-gallery--item\" role=\"button\" tabindex=\"4\"><figure class=\"coblocks-gallery--figure has-margin-left-5 has-margin-left-mobile-5 has-margin-right-5 has-margin-right-mobile-5\"><img loading=\"lazy\" decoding=\"async\" width=\"240\" height=\"320\" alt=\"Gens qui mangent un souper de poisson frit People eating supper at the Fish Fry\" class=\"wp-image-251\" data-id=\"251\" src=\"https:\/\/lavigneontario.ca\/wp-content\/uploads\/2021\/03\/17362664_1407998212583669_5048980851263105581_n-1.jpg\" srcset=\"https:\/\/lavigneontario.ca\/wp-content\/uploads\/2021\/03\/17362664_1407998212583669_5048980851263105581_n-1.jpg 240w, https:\/\/lavigneontario.ca\/wp-content\/uploads\/2021\/03\/17362664_1407998212583669_5048980851263105581_n-1-225x300.jpg 225w, https:\/\/lavigneontario.ca\/wp-content\/uploads\/2021\/03\/17362664_1407998212583669_5048980851263105581_n-1-9x12.jpg 9w\" sizes=\"auto, (max-width: 240px) 100vw, 240px\" \/><\/figure><figcaption class=\"coblocks-gallery--caption coblocks-gallery--primary-caption\"><\/figcaption><\/div><\/div><div class=\"swiper-slide\"><div class=\"coblocks-gallery--item\" role=\"button\" tabindex=\"5\"><figure class=\"coblocks-gallery--figure has-margin-left-5 has-margin-left-mobile-5 has-margin-right-5 has-margin-right-mobile-5\"><img loading=\"lazy\" decoding=\"async\" width=\"1024\" height=\"846\" alt=\"B\u00e9n\u00e9vole dans la cuisine avec des tartes Volunteer in the kitchen with pies\" class=\"wp-image-432\" data-id=\"432\" src=\"https:\/\/lavigneontario.ca\/wp-content\/uploads\/2021\/03\/IMG_3429-Copie-1024x846.jpg\" srcset=\"https:\/\/lavigneontario.ca\/wp-content\/uploads\/2021\/03\/IMG_3429-Copie-1024x846.jpg 1024w, https:\/\/lavigneontario.ca\/wp-content\/uploads\/2021\/03\/IMG_3429-Copie-300x248.jpg 300w, https:\/\/lavigneontario.ca\/wp-content\/uploads\/2021\/03\/IMG_3429-Copie-768x635.jpg 768w, https:\/\/lavigneontario.ca\/wp-content\/uploads\/2021\/03\/IMG_3429-Copie-1536x1269.jpg 1536w, https:\/\/lavigneontario.ca\/wp-content\/uploads\/2021\/03\/IMG_3429-Copie-2048x1693.jpg 2048w, https:\/\/lavigneontario.ca\/wp-content\/uploads\/2021\/03\/IMG_3429-Copie-16x12.jpg 16w\" sizes=\"auto, (max-width: 1024px) 100vw, 1024px\" \/><\/figure><figcaption class=\"coblocks-gallery--caption coblocks-gallery--primary-caption\"><\/figcaption><\/div><\/div><div class=\"swiper-slide\"><div class=\"coblocks-gallery--item\" role=\"button\" tabindex=\"6\"><figure class=\"coblocks-gallery--figure has-margin-left-5 has-margin-left-mobile-5 has-margin-right-5 has-margin-right-mobile-5\"><img loading=\"lazy\" decoding=\"async\" width=\"720\" height=\"960\" alt=\"Jeune b\u00e9n\u00e9vole Youth Volunteer\" class=\"wp-image-245\" data-id=\"245\" src=\"https:\/\/lavigneontario.ca\/wp-content\/uploads\/2021\/03\/17202700_1403973136319510_8867671044227507575_n-1.jpg\" srcset=\"https:\/\/lavigneontario.ca\/wp-content\/uploads\/2021\/03\/17202700_1403973136319510_8867671044227507575_n-1.jpg 720w, https:\/\/lavigneontario.ca\/wp-content\/uploads\/2021\/03\/17202700_1403973136319510_8867671044227507575_n-1-225x300.jpg 225w, https:\/\/lavigneontario.ca\/wp-content\/uploads\/2021\/03\/17202700_1403973136319510_8867671044227507575_n-1-9x12.jpg 9w\" sizes=\"auto, (max-width: 720px) 100vw, 720px\" \/><\/figure><figcaption class=\"coblocks-gallery--caption coblocks-gallery--primary-caption\"><\/figcaption><\/div><\/div><\/div><button class=\"nav-button__prev\" id=\"12345-prev\"><svg class=\"icon\" style=\"transform:rotate(180deg)\"><\/svg><\/button><button class=\"nav-button__next\" id=\"12345-next\"><svg class=\"icon\"><\/svg><\/button><\/div><\/div><\/div>\n<\/div><\/div>\n<\/div>\n<\/div>\n\n\n\n<p>Are you interested in giving back to the community? <br><br>Volunteering with the CCL is a great way to make a positive difference in Lavigne. <br><br>It is also great for making new friends and meeting great people from the community and surrounding area. <br><br>The CCL was built on volunteers who strongly believed in giving back to the community. They got things started with fundraising and working together to build the CCL facility in 1977, and the community hasn't looked back since. <br><br>Collaboration and cooperation are core to the CCL\u2019s success. Building community is the CCL's core value. We appreciate everything our volunteers do for us. Your contribution makes a difference. Together, we make a community.<br><br><\/p>\n\n\n\n<p style=\"font-size:18px\"><strong>Current Call for Volunteers<\/strong><\/p>\n\n\n\n<p>Volunteers to help with maintenance and to assist with the development of the Caisse populaire Waterfront Park (cutting grass, removing weeds, cleaning the park area, developing projects, etc.)<\/p>\n\n\n\n<p>Volunteers for the BINGO nights<\/p>\n\n\n\n<p>Beautification Committee<\/p>\n\n\n\n<p>Reach out to us to know more on volunteering at the CCL!<\/p>","protected":false},"excerpt":{"rendered":"<p>En lisant cette page, vous avez d\u00e9j\u00e0 franchi le premier pas vers le b\u00e9n\u00e9volat au Centre Communautaire de Lavigne. Souhaitez-vous redonner \u00e0 la communaut\u00e9 ? Faire du b\u00e9n\u00e9volat au CCL est une excellente fa\u00e7on de faire une diff\u00e9rence positive \u00e0 Lavigne. C\u2019est \u00e9galement id\u00e9al pour se faire de nouveaux amis et rencontrer des gens formidables [&hellip;]<\/p>\n","protected":false},"author":1,"featured_media":0,"parent":0,"menu_order":0,"comment_status":"closed","ping_status":"closed","template":"","meta":{"_coblocks_attr":"","_coblocks_dimensions":"","_coblocks_responsive_height":"","_coblocks_accordion_ie_support":"","footnotes":""},"class_list":["post-203","page","type-page","status-publish","hentry","post"],"_links":{"self":[{"href":"https:\/\/lavigneontario.ca\/en\/wp-json\/wp\/v2\/pages\/203","targetHints":{"allow":["GET"]}}],"collection":[{"href":"https:\/\/lavigneontario.ca\/en\/wp-json\/wp\/v2\/pages"}],"about":[{"href":"https:\/\/lavigneontario.ca\/en\/wp-json\/wp\/v2\/types\/page"}],"author":[{"embeddable":true,"href":"https:\/\/lavigneontario.ca\/en\/wp-json\/wp\/v2\/users\/1"}],"replies":[{"embeddable":true,"href":"https:\/\/lavigneontario.ca\/en\/wp-json\/wp\/v2\/comments?post=203"}],"version-history":[{"count":31,"href":"https:\/\/lavigneontario.ca\/en\/wp-json\/wp\/v2\/pages\/203\/revisions"}],"predecessor-version":[{"id":1429,"href":"https:\/\/lavigneontario.ca\/en\/wp-json\/wp\/v2\/pages\/203\/revisions\/1429"}],"wp:attachment":[{"href":"https:\/\/lavigneontario.ca\/en\/wp-json\/wp\/v2\/media?parent=203"}],"curies":[{"name":"wp","href":"https:\/\/api.w.org\/{rel}","templated":true}]}}