{"id":201,"date":"2021-03-22T00:45:52","date_gmt":"2021-03-22T00:45:52","guid":{"rendered":"https:\/\/lavigneontario.ca\/?page_id=201"},"modified":"2026-04-13T01:14:22","modified_gmt":"2026-04-13T01:14:22","slug":"tourisme","status":"publish","type":"page","link":"https:\/\/lavigneontario.ca\/en\/tourisme\/","title":{"rendered":"Tourism"},"content":{"rendered":"<figure class=\"wp-block-gallery alignwide has-nested-images columns-default is-cropped wp-block-gallery-1 is-layout-flex wp-block-gallery-is-layout-flex\">\n<figure class=\"wp-block-image size-large\"><img loading=\"lazy\" decoding=\"async\" width=\"1598\" height=\"640\" data-id=\"483\" src=\"https:\/\/lavigneontario.ca\/wp-content\/uploads\/2021\/03\/Coucher-de-soleil.jpg\" alt=\"Coucher de soleil hiver\" class=\"wp-image-483\" srcset=\"https:\/\/lavigneontario.ca\/wp-content\/uploads\/2021\/03\/Coucher-de-soleil.jpg 1598w, https:\/\/lavigneontario.ca\/wp-content\/uploads\/2021\/03\/Coucher-de-soleil-300x120.jpg 300w, https:\/\/lavigneontario.ca\/wp-content\/uploads\/2021\/03\/Coucher-de-soleil-1024x410.jpg 1024w, https:\/\/lavigneontario.ca\/wp-content\/uploads\/2021\/03\/Coucher-de-soleil-768x308.jpg 768w, https:\/\/lavigneontario.ca\/wp-content\/uploads\/2021\/03\/Coucher-de-soleil-1536x615.jpg 1536w, https:\/\/lavigneontario.ca\/wp-content\/uploads\/2021\/03\/Coucher-de-soleil-16x6.jpg 16w\" sizes=\"auto, (max-width: 1598px) 100vw, 1598px\" \/><\/figure>\n\n\n\n<figure class=\"wp-block-image size-large\"><img loading=\"lazy\" decoding=\"async\" width=\"720\" height=\"960\" data-id=\"480\" src=\"https:\/\/lavigneontario.ca\/wp-content\/uploads\/2021\/03\/Champs.jpg\" alt=\"Champs\" class=\"wp-image-480\" srcset=\"https:\/\/lavigneontario.ca\/wp-content\/uploads\/2021\/03\/Champs.jpg 720w, https:\/\/lavigneontario.ca\/wp-content\/uploads\/2021\/03\/Champs-225x300.jpg 225w, https:\/\/lavigneontario.ca\/wp-content\/uploads\/2021\/03\/Champs-9x12.jpg 9w\" sizes=\"auto, (max-width: 720px) 100vw, 720px\" \/><\/figure>\n\n\n\n<figure class=\"wp-block-image size-large\"><img loading=\"lazy\" decoding=\"async\" width=\"2560\" height=\"1920\" data-id=\"484\" src=\"https:\/\/lavigneontario.ca\/wp-content\/uploads\/2021\/03\/Kayak-Duck-Creek-scaled.jpg\" alt=\"Kayak Duck Creek\" class=\"wp-image-484\" srcset=\"https:\/\/lavigneontario.ca\/wp-content\/uploads\/2021\/03\/Kayak-Duck-Creek-scaled.jpg 2560w, https:\/\/lavigneontario.ca\/wp-content\/uploads\/2021\/03\/Kayak-Duck-Creek-300x225.jpg 300w, https:\/\/lavigneontario.ca\/wp-content\/uploads\/2021\/03\/Kayak-Duck-Creek-1024x768.jpg 1024w, https:\/\/lavigneontario.ca\/wp-content\/uploads\/2021\/03\/Kayak-Duck-Creek-768x576.jpg 768w, https:\/\/lavigneontario.ca\/wp-content\/uploads\/2021\/03\/Kayak-Duck-Creek-1536x1152.jpg 1536w, https:\/\/lavigneontario.ca\/wp-content\/uploads\/2021\/03\/Kayak-Duck-Creek-2048x1536.jpg 2048w, https:\/\/lavigneontario.ca\/wp-content\/uploads\/2021\/03\/Kayak-Duck-Creek-16x12.jpg 16w\" sizes=\"auto, (max-width: 2560px) 100vw, 2560px\" \/><\/figure>\n\n\n\n<figure class=\"wp-block-image size-large\"><img loading=\"lazy\" decoding=\"async\" width=\"2560\" height=\"1920\" data-id=\"486\" src=\"https:\/\/lavigneontario.ca\/wp-content\/uploads\/2021\/03\/Mashkinonje-scaled.jpg\" alt=\"Mashkinonje sentier Loudon Trail\" class=\"wp-image-486\" srcset=\"https:\/\/lavigneontario.ca\/wp-content\/uploads\/2021\/03\/Mashkinonje-scaled.jpg 2560w, https:\/\/lavigneontario.ca\/wp-content\/uploads\/2021\/03\/Mashkinonje-300x225.jpg 300w, https:\/\/lavigneontario.ca\/wp-content\/uploads\/2021\/03\/Mashkinonje-1024x768.jpg 1024w, https:\/\/lavigneontario.ca\/wp-content\/uploads\/2021\/03\/Mashkinonje-768x576.jpg 768w, https:\/\/lavigneontario.ca\/wp-content\/uploads\/2021\/03\/Mashkinonje-1536x1152.jpg 1536w, https:\/\/lavigneontario.ca\/wp-content\/uploads\/2021\/03\/Mashkinonje-2048x1536.jpg 2048w, https:\/\/lavigneontario.ca\/wp-content\/uploads\/2021\/03\/Mashkinonje-16x12.jpg 16w\" sizes=\"auto, (max-width: 2560px) 100vw, 2560px\" \/><\/figure>\n\n\n\n<figure class=\"wp-block-image size-large\"><img loading=\"lazy\" decoding=\"async\" width=\"2560\" height=\"1920\" data-id=\"482\" src=\"https:\/\/lavigneontario.ca\/wp-content\/uploads\/2021\/03\/Coucher-de-soleil-ete-scaled.jpg\" alt=\"Coucher de soleil \u00e9t\u00e9\" class=\"wp-image-482\" srcset=\"https:\/\/lavigneontario.ca\/wp-content\/uploads\/2021\/03\/Coucher-de-soleil-ete-scaled.jpg 2560w, https:\/\/lavigneontario.ca\/wp-content\/uploads\/2021\/03\/Coucher-de-soleil-ete-300x225.jpg 300w, https:\/\/lavigneontario.ca\/wp-content\/uploads\/2021\/03\/Coucher-de-soleil-ete-1024x768.jpg 1024w, https:\/\/lavigneontario.ca\/wp-content\/uploads\/2021\/03\/Coucher-de-soleil-ete-768x576.jpg 768w, https:\/\/lavigneontario.ca\/wp-content\/uploads\/2021\/03\/Coucher-de-soleil-ete-1536x1152.jpg 1536w, https:\/\/lavigneontario.ca\/wp-content\/uploads\/2021\/03\/Coucher-de-soleil-ete-2048x1536.jpg 2048w, https:\/\/lavigneontario.ca\/wp-content\/uploads\/2021\/03\/Coucher-de-soleil-ete-16x12.jpg 16w\" sizes=\"auto, (max-width: 2560px) 100vw, 2560px\" \/><\/figure>\n\n\n\n<figure class=\"wp-block-image size-large\"><img loading=\"lazy\" decoding=\"async\" width=\"2560\" height=\"1920\" data-id=\"479\" src=\"https:\/\/lavigneontario.ca\/wp-content\/uploads\/2021\/03\/Automne-chutes-scaled.jpg\" alt=\"Automne vue des chutes Lavigne Fall View from Bear Chutes\" class=\"wp-image-479\" srcset=\"https:\/\/lavigneontario.ca\/wp-content\/uploads\/2021\/03\/Automne-chutes-scaled.jpg 2560w, https:\/\/lavigneontario.ca\/wp-content\/uploads\/2021\/03\/Automne-chutes-300x225.jpg 300w, https:\/\/lavigneontario.ca\/wp-content\/uploads\/2021\/03\/Automne-chutes-1024x768.jpg 1024w, https:\/\/lavigneontario.ca\/wp-content\/uploads\/2021\/03\/Automne-chutes-768x576.jpg 768w, https:\/\/lavigneontario.ca\/wp-content\/uploads\/2021\/03\/Automne-chutes-1536x1152.jpg 1536w, https:\/\/lavigneontario.ca\/wp-content\/uploads\/2021\/03\/Automne-chutes-2048x1536.jpg 2048w, https:\/\/lavigneontario.ca\/wp-content\/uploads\/2021\/03\/Automne-chutes-16x12.jpg 16w\" sizes=\"auto, (max-width: 2560px) 100vw, 2560px\" \/><\/figure>\n<\/figure>\n\n\n\n<p>The beauty of Northern Ontario has always been a selling point when athletes, families, campers and retirees alike choose their next destination. This small village is a wonderful place to escape from the city life and relax. Lavigne provides the best of both worlds. The community is a small rural village with access to Lake Nipissing and the community is only 45 minutes from North Bay and Sudbury; offering short distances to major northern cities while being far enough away to disconnect from their vibrations and rhythms. This community has a lot to offer for those who choose Lavigne as their vacation destination. Below is a list of local campgrounds and businesses in the area:<br><br><br><\/p>\n\n\n\n<p style=\"font-size:18px\"><strong>Resorts and Campgrounds <\/strong><\/p>\n\n\n\n<p style=\"font-size:12px\">(click on one of the links below for more information)<\/p>\n\n\n\n<p><strong><a href=\"http:\/\/www.cardinalparkandmarina.com\/\">Cardinal Park and Marina<\/a><\/strong><br><strong><a href=\"https:\/\/rainvillecedarcottages.com\/\">Rainville Cedar Cottages<\/a><br><a href=\"https:\/\/www.gracelandcottages.com\/\">Graceland Cottages &amp; Rentals<\/a><\/strong><br><strong><a href=\"https:\/\/westnipissingresort.com\/\">Bowhey&rsquo;s West Nipissing Resort Marina &amp; Caf\u00e9<\/a><br><a href=\"https:\/\/jolivoyageur.com\/\">Joli Voyageur Resort &amp; Campground<\/a><br><a href=\"http:\/\/www.mashkinonje-resort.com\/\">Mashkinonje Resort<\/a><br><a href=\"https:\/\/www.muskyislandview.com\/\">Musky Island View Cottages<\/a><\/strong><br><strong><a href=\"https:\/\/deluxecamp.com\/\">Deluxe Camp<\/a><br><a href=\"https:\/\/panoramacamp.com\/\">Panorama Camp Cottages &amp; Trailer Park<\/a><br><a href=\"https:\/\/westbaycottages.com\/\">West Bay Cottages<\/a><\/strong><\/p>\n\n\n\n<p> <br><\/p>\n\n\n\n<p style=\"font-size:18px\"><strong>Local Businesses <\/strong><\/p>\n\n\n\n<p style=\"font-size:12px\">(click on one of the links below for more information)<\/p>\n\n\n\n<p><strong><a href=\"http:\/\/www.lavignetavern.com\/\">Lavigne Tavern<\/a><br><a href=\"http:\/\/www.chezcourchesne.ca\/\">Chez Courchesne General Store<\/a><br>Trans Canada Baits<br><a href=\"http:\/\/www.dalewfarms.ca\/\">Dalew Farms<\/a><br><a href=\"https:\/\/www.clickfork.ca\/\">Click Fork<\/a><br><a href=\"https:\/\/seguinsugarbush.com\/\">Sucrerie S\u00e9guin Sugarbush<\/a><br><a href=\"https:\/\/creekbendhoney.ca\/\">CreekBend Farm<\/a><\/strong><br><strong><a href=\"https:\/\/www.facebook.com\/Ferme-la-Binette-1421194631496042\/\">Ferme la Binette<\/a><\/strong><\/p>\n\n\n\n<p><\/p>\n\n\n\n<p style=\"font-size:18px\"><strong><a href=\"https:\/\/www.mashkinonje.ca\/\">Mashkinonje Provincial Park<\/a><\/strong><\/p>\n\n\n\n<p><\/p>","protected":false},"excerpt":{"rendered":"<p>La beaut\u00e9 du Nord de l&rsquo;Ontario a toujours \u00e9t\u00e9 un point de vente lorsque les sportifs, les familles, les campeurs et les retrait\u00e9s choisissent leur prochaine destination. Ce petit village est un endroit magnifique pour se sauver de la vie de ville et se d\u00e9tendre. Lavigne fournit le meilleur des deux mondes. La communaut\u00e9 est [&hellip;]<\/p>\n","protected":false},"author":1,"featured_media":0,"parent":0,"menu_order":0,"comment_status":"closed","ping_status":"closed","template":"","meta":{"_coblocks_attr":"","_coblocks_dimensions":"","_coblocks_responsive_height":"","_coblocks_accordion_ie_support":"","footnotes":""},"class_list":["post-201","page","type-page","status-publish","hentry","post"],"_links":{"self":[{"href":"https:\/\/lavigneontario.ca\/en\/wp-json\/wp\/v2\/pages\/201","targetHints":{"allow":["GET"]}}],"collection":[{"href":"https:\/\/lavigneontario.ca\/en\/wp-json\/wp\/v2\/pages"}],"about":[{"href":"https:\/\/lavigneontario.ca\/en\/wp-json\/wp\/v2\/types\/page"}],"author":[{"embeddable":true,"href":"https:\/\/lavigneontario.ca\/en\/wp-json\/wp\/v2\/users\/1"}],"replies":[{"embeddable":true,"href":"https:\/\/lavigneontario.ca\/en\/wp-json\/wp\/v2\/comments?post=201"}],"version-history":[{"count":41,"href":"https:\/\/lavigneontario.ca\/en\/wp-json\/wp\/v2\/pages\/201\/revisions"}],"predecessor-version":[{"id":1428,"href":"https:\/\/lavigneontario.ca\/en\/wp-json\/wp\/v2\/pages\/201\/revisions\/1428"}],"wp:attachment":[{"href":"https:\/\/lavigneontario.ca\/en\/wp-json\/wp\/v2\/media?parent=201"}],"curies":[{"name":"wp","href":"https:\/\/api.w.org\/{rel}","templated":true}]}}