{"id":1381,"date":"2024-09-02T21:51:29","date_gmt":"2024-09-02T21:51:29","guid":{"rendered":"https:\/\/lavigneontario.ca\/?page_id=1381"},"modified":"2024-09-02T22:03:48","modified_gmt":"2024-09-02T22:03:48","slug":"projet-2024","status":"publish","type":"page","link":"https:\/\/lavigneontario.ca\/en\/projet-2024\/","title":{"rendered":"2024 Project"},"content":{"rendered":"<p>We're pleased to announce that major capital work will be completed at the CCL this fall. We will be replacing all four HVAC (heating, ventilation and air conditioning) units, as well as all the tables inside the hall.<\/p>\n<p>This important project for Lavigne is made possible by a $98,000 capital grant from the Ontario Trillium Foundation to replace four HVAC units at the community center and purchase new tables for the hall to continue offering events, programs, hall rentals and community gatherings.<\/p>\n<p>We are very grateful for the Ontario Trillium Foundation's support of our project! Our community will continue to enjoy its community facilities for many years to come!<\/p>\n<p>When the work is completed this Fall, we'll hold a grand re-opening celebration where we'll recognize the Ontario Trillium Foundation and our partners for their support to our community!<\/p>\n<p>More details to follow in the coming weeks!<\/p>\n<p>Information: <a href=\"https:\/\/otf.ca\/grants-awarded\/231\">https:\/\/otf.ca\/grants-awarded\/231<\/a><\/p>\n<p><img loading=\"lazy\" decoding=\"async\" class=\"alignnone  wp-image-1384 aligncenter\" src=\"https:\/\/lavigneontario.ca\/wp-content\/uploads\/2024\/09\/OTF-Logo_Horiz-Colour-300x156.jpg\" alt=\"\" width=\"362\" height=\"188\" srcset=\"https:\/\/lavigneontario.ca\/wp-content\/uploads\/2024\/09\/OTF-Logo_Horiz-Colour-300x156.jpg 300w, https:\/\/lavigneontario.ca\/wp-content\/uploads\/2024\/09\/OTF-Logo_Horiz-Colour-1024x534.jpg 1024w, https:\/\/lavigneontario.ca\/wp-content\/uploads\/2024\/09\/OTF-Logo_Horiz-Colour-768x400.jpg 768w, https:\/\/lavigneontario.ca\/wp-content\/uploads\/2024\/09\/OTF-Logo_Horiz-Colour-1536x800.jpg 1536w, https:\/\/lavigneontario.ca\/wp-content\/uploads\/2024\/09\/OTF-Logo_Horiz-Colour-2048x1067.jpg 2048w, https:\/\/lavigneontario.ca\/wp-content\/uploads\/2024\/09\/OTF-Logo_Horiz-Colour-18x9.jpg 18w\" sizes=\"auto, (max-width: 362px) 100vw, 362px\" \/><\/p>","protected":false},"excerpt":{"rendered":"<p>Nous sommes heureux d\u2019annoncer que d\u2019importants travaux d\u2019immobilisations seront compl\u00e9t\u00e9s au CCL cet automne. Nous proc\u00e9derons au changement des quatre appareils de CVCA (chauffage, ventilation et climatisation) et remplacerons toutes les tables \u00e0 l\u2019int\u00e9rieur de la salle. Ce projet important pour Lavigne est rendu possible gr\u00e2ce \u00e0 une subvention d\u2019immobilisations de 98 000 $ de [&hellip;]<\/p>\n","protected":false},"author":1,"featured_media":0,"parent":0,"menu_order":0,"comment_status":"closed","ping_status":"closed","template":"","meta":{"_coblocks_attr":"","_coblocks_dimensions":"","_coblocks_responsive_height":"","_coblocks_accordion_ie_support":"","footnotes":""},"class_list":["post-1381","page","type-page","status-publish","hentry","post"],"_links":{"self":[{"href":"https:\/\/lavigneontario.ca\/en\/wp-json\/wp\/v2\/pages\/1381","targetHints":{"allow":["GET"]}}],"collection":[{"href":"https:\/\/lavigneontario.ca\/en\/wp-json\/wp\/v2\/pages"}],"about":[{"href":"https:\/\/lavigneontario.ca\/en\/wp-json\/wp\/v2\/types\/page"}],"author":[{"embeddable":true,"href":"https:\/\/lavigneontario.ca\/en\/wp-json\/wp\/v2\/users\/1"}],"replies":[{"embeddable":true,"href":"https:\/\/lavigneontario.ca\/en\/wp-json\/wp\/v2\/comments?post=1381"}],"version-history":[{"count":4,"href":"https:\/\/lavigneontario.ca\/en\/wp-json\/wp\/v2\/pages\/1381\/revisions"}],"predecessor-version":[{"id":1388,"href":"https:\/\/lavigneontario.ca\/en\/wp-json\/wp\/v2\/pages\/1381\/revisions\/1388"}],"wp:attachment":[{"href":"https:\/\/lavigneontario.ca\/en\/wp-json\/wp\/v2\/media?parent=1381"}],"curies":[{"name":"wp","href":"https:\/\/api.w.org\/{rel}","templated":true}]}}