{"id":1350,"date":"2024-07-30T22:30:36","date_gmt":"2024-07-30T22:30:36","guid":{"rendered":"https:\/\/lavigneontario.ca\/?page_id=1350"},"modified":"2024-07-30T22:57:38","modified_gmt":"2024-07-30T22:57:38","slug":"reserver-la-salle","status":"publish","type":"page","link":"https:\/\/lavigneontario.ca\/en\/reserver-la-salle\/","title":{"rendered":"Book the Hall"},"content":{"rendered":"\n<p style=\"font-size:17px\">Formulaire de demande de location du Centre Communautaire de Lavigne (CCL)<\/p>\n\n\n\n<p style=\"font-size:15px\"><strong>Disponibilit\u00e9 de la salle<\/strong><\/p>\n\n\n\n<iframe loading=\"lazy\" src=\"https:\/\/calendar.google.com\/calendar\/embed?height=550&#038;wkst=1&#038;ctz=America%2FToronto&#038;bgcolor=%23ffffff&#038;src=MHA1cGJxMTU3N244am04dWU1MWNsdjY3cjBAZ3JvdXAuY2FsZW5kYXIuZ29vZ2xlLmNvbQ&#038;color=%233F51B5\" style=\"border-width:0\" width=\"1075\" height=\"550\" frameborder=\"0\" scrolling=\"no\"><\/iframe>\n\n\n\n<p><\/p>\n\n\n\n\t\t<div class=\"coblocks-form\" id=\"9fc5e21b37f610efe029de64ce249e86455ff070\">\n\n\t\t\t\n\t\t\t<form action=\"https:\/\/lavigneontario.ca\/en\/reserver-la-salle\/#9fc5e21b37f610efe029de64ce249e86455ff070\" method=\"post\">\n\t\t\t\t\n<div class=\"wp-block-coblocks-form\"><label class=\"coblocks-label\">Nom <span class=\"required\">&#042;<\/span><\/label>\n\t\t<input type=\"hidden\" name=\"field-nom[label]\" value=\"Nom\">\n\n\t\t\t\t<input type=\"hidden\" id=\"name-field-id\" name=\"name-field-id\" class=\"coblocks-name-field-id\" value=\"field-nom\" \/>\n\t\t\t\t\t<div class=\"coblocks-form__inline-fields\">\n\t\t\t\t<div class=\"coblocks-form__inline-field\">\n\t\t\t\t\t<input type=\"text\" id=\"nom-firstname\" aria-label=\"Plus One First Name\" name=\"field-nom[value][first-name]\" class=\"coblocks-field coblocks-field--name first\" required \/>\n\t\t\t\t\t<small class=\"coblocks-form__subtext\">Pr\u00e9nom<\/small>\n\t\t\t\t<\/div>\n\n\t\t\t\t<div class=\"coblocks-form__inline-field\">\n\t\t\t\t\t<input type=\"text\" id=\"nom-lastname\" aria-label=\"Plus One Last Name\" name=\"field-nom[value][last-name]\" class=\"coblocks-field coblocks-field--name last\" required \/>\n\t\t\t\t\t<small class=\"coblocks-form__subtext\">Nom<\/small>\n\t\t\t\t<\/div>\n\t\t\t<\/div>\n\n\t\t\t\n\n<label class=\"coblocks-label\">Num\u00e9ro de t\u00e9l\u00e9phone <span class=\"required\">&#042;<\/span><\/label>\n\t\t<input type=\"hidden\" name=\"field-numero-de-telephone[label]\" value=\"Num\u00e9ro de t\u00e9l\u00e9phone\">\n\n\t\t\n\t\t<input type=\"tel\" id=\"numero-de-telephone\" name=\"field-numero-de-telephone[value]\" class=\"coblocks-field coblocks-field--telephone\" required \/>\n\n\t\t\n\n<label class=\"coblocks-label\">Courriel <span class=\"required\">&#042;<\/span><\/label>\n\t\t<input type=\"hidden\" name=\"field-courriel[label]\" value=\"Courriel\">\n\n\t\t\n\t\t<input type=\"hidden\" id=\"email-field-id\" name=\"email-field-id\" class=\"coblocks-email-field-id\" value=\"field-courriel\" \/>\n\t\t<input type=\"email\" id=\"courriel\" aria-label=\"Courriel\" name=\"field-courriel[value]\" class=\"coblocks-field coblocks-field--email\" required \/>\n\n\t\t\n\n<label class=\"coblocks-label\">Pour quelle date souhaitez-vous r\u00e9server le CCL ? <span class=\"required\">&#042;<\/span><\/label>\n\t\t<input type=\"hidden\" name=\"field-pour-quelle-date-souhaitez-vous-reserver-le-ccl[label]\" value=\"Pour quelle date souhaitez-vous r\u00e9server le CCL ?\">\n\n\t\t\n\t\t<input type=\"date\" id=\"pour-quelle-date-souhaitez-vous-reserver-le-ccl\" name=\"field-pour-quelle-date-souhaitez-vous-reserver-le-ccl[value]\" class=\"coblocks-field coblocks-field--date\" required \/>\n\n\t\t\n\n\n\t\t<input type=\"hidden\" name=\"field-est-ce-que-vous-aurez-besoin-dutiliser-la-cuisine-du-ccl[label]\" value=\"Est-ce que vous aurez besoin d&#039;utiliser la cuisine du CCL ?\">\n\n\t\t<div class=\"coblocks-field\"><fieldset><legend class=\"coblocks-label\">Est-ce que vous aurez besoin d&#039;utiliser la cuisine du CCL ?<\/legend><div class=\"coblocks--inline\"><input id=\"est-ce-que-vous-aurez-besoin-dutiliser-la-cuisine-du-ccl-oui\" type=\"radio\" name=\"field-est-ce-que-vous-aurez-besoin-dutiliser-la-cuisine-du-ccl[value]\" value=\"Oui\" class=\"radio\" required>\n\t\t\t\t<label class=\"coblocks-radio-label\" for=\"est-ce-que-vous-aurez-besoin-dutiliser-la-cuisine-du-ccl-oui\">Oui<\/label><input id=\"est-ce-que-vous-aurez-besoin-dutiliser-la-cuisine-du-ccl-non\" type=\"radio\" name=\"field-est-ce-que-vous-aurez-besoin-dutiliser-la-cuisine-du-ccl[value]\" value=\"Non\" class=\"radio\">\n\t\t\t\t<label class=\"coblocks-radio-label\" for=\"est-ce-que-vous-aurez-besoin-dutiliser-la-cuisine-du-ccl-non\">Non<\/label><input id=\"est-ce-que-vous-aurez-besoin-dutiliser-la-cuisine-du-ccl-je-ne-sais-pas\" type=\"radio\" name=\"field-est-ce-que-vous-aurez-besoin-dutiliser-la-cuisine-du-ccl[value]\" value=\"Je ne sais pas\" class=\"radio\">\n\t\t\t\t<label class=\"coblocks-radio-label\" for=\"est-ce-que-vous-aurez-besoin-dutiliser-la-cuisine-du-ccl-je-ne-sais-pas\">Je ne sais pas<\/label><\/div><\/fieldset><\/div>\n\n\n\t\t<input type=\"hidden\" name=\"field-est-ce-que-vous-aurez-besoin-dutiliser-le-bar-du-ccl-2[label]\" value=\"Est-ce que vous aurez besoin d&#039;utiliser le bar du CCL ?\">\n\n\t\t<div class=\"coblocks-field\"><fieldset><legend class=\"coblocks-label\">Est-ce que vous aurez besoin d&#039;utiliser le bar du CCL ?<\/legend><div class=\"coblocks--inline\"><input id=\"est-ce-que-vous-aurez-besoin-dutiliser-le-bar-du-ccl-2-oui\" type=\"radio\" name=\"field-est-ce-que-vous-aurez-besoin-dutiliser-le-bar-du-ccl-2[value]\" value=\"Oui\" class=\"radio\" required>\n\t\t\t\t<label class=\"coblocks-radio-label\" for=\"est-ce-que-vous-aurez-besoin-dutiliser-le-bar-du-ccl-2-oui\">Oui<\/label><input id=\"est-ce-que-vous-aurez-besoin-dutiliser-le-bar-du-ccl-2-non\" type=\"radio\" name=\"field-est-ce-que-vous-aurez-besoin-dutiliser-le-bar-du-ccl-2[value]\" value=\"Non\" class=\"radio\">\n\t\t\t\t<label class=\"coblocks-radio-label\" for=\"est-ce-que-vous-aurez-besoin-dutiliser-le-bar-du-ccl-2-non\">Non<\/label><input id=\"est-ce-que-vous-aurez-besoin-dutiliser-le-bar-du-ccl-2-je-ne-sais-pas\" type=\"radio\" name=\"field-est-ce-que-vous-aurez-besoin-dutiliser-le-bar-du-ccl-2[value]\" value=\"Je ne sais pas\" class=\"radio\">\n\t\t\t\t<label class=\"coblocks-radio-label\" for=\"est-ce-que-vous-aurez-besoin-dutiliser-le-bar-du-ccl-2-je-ne-sais-pas\">Je ne sais pas<\/label><\/div><\/fieldset><\/div>\n\n<label class=\"coblocks-label\">Notes \/ Commentaires<\/label>\n\t\t<input type=\"hidden\" name=\"field-notes-commentaires[label]\" value=\"Notes \/ Commentaires\">\n\n\t\t\n\t\t<textarea name=\"field-notes-commentaires[value]\" aria-label=\"Notes \/ Commentaires\" id=\"notes-commentaires\" class=\"coblocks-field coblocks-textarea\" rows=\"20\" ><\/textarea>\n\n\t\t\n\n\n\t\t<div class=\"coblocks-form__submit wp-block-button\">\n\t\t\t<button type=\"submit\" class=\"wp-block-button__link is-style-shadow\" style=\"background-color: #f0f0f0; color: #0b1993;\">Soumettre demande de location<\/button>\n\t\t\t<input type=\"hidden\" id=\"form-submit\" name=\"form-submit\" value=\"8cef5f650a\" \/><input type=\"hidden\" name=\"_wp_http_referer\" value=\"\/en\/wp-json\/wp\/v2\/pages\/1350\" \/>\t\t\t<input type=\"hidden\" name=\"action\" value=\"coblocks-form-submit\">\n\n\t\t\t\t\t<\/div>\n\n\t\t<\/div>\n\t\t\t\t<input class=\"coblocks-field verify\" aria-label=\"Enter your email address to verify\" type=\"email\" name=\"coblocks-verify-email\" autocomplete=\"off\" placeholder=\"Email\" tabindex=\"-1\">\n\t\t\t\t<input type=\"hidden\" name=\"form-hash\" value=\"9fc5e21b37f610efe029de64ce249e86455ff070\">\n\n\t\t\t\t\t\t\t<\/form>\n\n\t\t<\/div>\n\n\t\t","protected":false},"excerpt":{"rendered":"<p>Formulaire de demande de location du Centre Communautaire de Lavigne (CCL) Disponibilit\u00e9 de la salle<\/p>","protected":false},"author":1,"featured_media":0,"parent":0,"menu_order":0,"comment_status":"closed","ping_status":"closed","template":"","meta":{"_coblocks_attr":"","_coblocks_dimensions":"","_coblocks_responsive_height":"","_coblocks_accordion_ie_support":"","footnotes":""},"class_list":["post-1350","page","type-page","status-publish","hentry","post"],"_links":{"self":[{"href":"https:\/\/lavigneontario.ca\/en\/wp-json\/wp\/v2\/pages\/1350","targetHints":{"allow":["GET"]}}],"collection":[{"href":"https:\/\/lavigneontario.ca\/en\/wp-json\/wp\/v2\/pages"}],"about":[{"href":"https:\/\/lavigneontario.ca\/en\/wp-json\/wp\/v2\/types\/page"}],"author":[{"embeddable":true,"href":"https:\/\/lavigneontario.ca\/en\/wp-json\/wp\/v2\/users\/1"}],"replies":[{"embeddable":true,"href":"https:\/\/lavigneontario.ca\/en\/wp-json\/wp\/v2\/comments?post=1350"}],"version-history":[{"count":26,"href":"https:\/\/lavigneontario.ca\/en\/wp-json\/wp\/v2\/pages\/1350\/revisions"}],"predecessor-version":[{"id":1379,"href":"https:\/\/lavigneontario.ca\/en\/wp-json\/wp\/v2\/pages\/1350\/revisions\/1379"}],"wp:attachment":[{"href":"https:\/\/lavigneontario.ca\/en\/wp-json\/wp\/v2\/media?parent=1350"}],"curies":[{"name":"wp","href":"https:\/\/api.w.org\/{rel}","templated":true}]}}