{"id":10,"date":"2021-03-14T17:57:50","date_gmt":"2021-03-14T17:57:50","guid":{"rendered":"https:\/\/lavigneontario.ca\/?page_id=10"},"modified":"2026-01-07T22:12:17","modified_gmt":"2026-01-07T22:12:17","slug":"ccl","status":"publish","type":"page","link":"https:\/\/lavigneontario.ca\/en\/ccl\/","title":{"rendered":"About Us"},"content":{"rendered":"<p>The Lavigne Community Centre was created in 1977 to promote recreational, athletic, cultural as well as community services for the community of Lavigne and surrounding area. The CCL strives to unify, strengthen and create strong bonds among community members through the continued support of community members and local businesses. We organize high quality events focused on expressed community interests, while making sure to include topics that are exciting and engaging for all members and age groups in our area.<br><br><\/p>\n\n\n\n<p style=\"font-size:15px\"><strong>Board of Directors<\/strong><\/p>\n\n\n\n<p><strong>Daniel Corriveau<\/strong>, President<\/p>\n\n\n\n<p><strong>Michel Piette<\/strong>, Vice-President<\/p>\n\n\n\n<p><strong>Lise Goupil<\/strong>, Treasurer<\/p>\n\n\n\n<p><strong>Betty Sutherland<\/strong>, Secretary<\/p>\n\n\n\n<p><strong>Garry Leblanc<\/strong>, Director and Representative, Centre Social et Culturel de Lavigne<em> <\/em><\/p>\n\n\n\n<p><strong>Christine Drouin<\/strong>, Director <\/p>\n\n\n\n<p><strong>Pam Specht<\/strong>, Director <\/p>\n\n\n\n<p><strong>Lynn Croft<\/strong>, Director<\/p>\n\n\n\n<p><strong>Georges Pharand<\/strong>, Director and Representative, Municipality of West Nipissing<\/p>\n\n\n\n<p><br><\/p>\n\n\n\n<div class=\"wp-block-columns are-vertically-aligned-top is-layout-flex wp-container-core-columns-is-layout-9d6595d7 wp-block-columns-is-layout-flex\">\n<div class=\"wp-block-column is-vertically-aligned-top is-layout-flow wp-block-column-is-layout-flow\" style=\"flex-basis:100%\">\n<figure class=\"wp-block-gallery alignfull has-nested-images columns-default is-cropped wp-block-gallery-1 is-layout-flex wp-block-gallery-is-layout-flex\">\n<figure class=\"wp-block-image size-large\"><img loading=\"lazy\" decoding=\"async\" width=\"1024\" height=\"614\" data-id=\"99\" src=\"https:\/\/lavigneontario.ca\/wp-content\/uploads\/2021\/03\/CCL-2-1024x614.jpg\" alt=\"Ext\u00e9rieur centre communautaire Exterior community centre\" class=\"wp-image-99\" srcset=\"https:\/\/lavigneontario.ca\/wp-content\/uploads\/2021\/03\/CCL-2-1024x614.jpg 1024w, https:\/\/lavigneontario.ca\/wp-content\/uploads\/2021\/03\/CCL-2-300x180.jpg 300w, https:\/\/lavigneontario.ca\/wp-content\/uploads\/2021\/03\/CCL-2-768x460.jpg 768w, https:\/\/lavigneontario.ca\/wp-content\/uploads\/2021\/03\/CCL-2-1536x921.jpg 1536w, https:\/\/lavigneontario.ca\/wp-content\/uploads\/2021\/03\/CCL-2-2048x1228.jpg 2048w, https:\/\/lavigneontario.ca\/wp-content\/uploads\/2021\/03\/CCL-2-16x10.jpg 16w\" sizes=\"auto, (max-width: 1024px) 100vw, 1024px\" \/><\/figure>\n\n\n\n<figure class=\"wp-block-image size-large\"><img loading=\"lazy\" decoding=\"async\" width=\"720\" height=\"816\" data-id=\"164\" src=\"https:\/\/lavigneontario.ca\/wp-content\/uploads\/2021\/03\/18698520_1481996588517164_1761864314334642449_n-e1645889570198.jpg\" alt=\"\" class=\"wp-image-164\" srcset=\"https:\/\/lavigneontario.ca\/wp-content\/uploads\/2021\/03\/18698520_1481996588517164_1761864314334642449_n-e1645889570198.jpg 720w, https:\/\/lavigneontario.ca\/wp-content\/uploads\/2021\/03\/18698520_1481996588517164_1761864314334642449_n-e1645889570198-265x300.jpg 265w, https:\/\/lavigneontario.ca\/wp-content\/uploads\/2021\/03\/18698520_1481996588517164_1761864314334642449_n-e1645889570198-11x12.jpg 11w\" sizes=\"auto, (max-width: 720px) 100vw, 720px\" \/><\/figure>\n<\/figure>\n<\/div>\n<\/div>","protected":false},"excerpt":{"rendered":"<p>Fond\u00e9 en 1977, le Centre Communautaire de Lavigne a comme mission de promouvoir des services r\u00e9cr\u00e9atifs, athl\u00e9tiques, culturels ainsi que des services communautaires pour la communaut\u00e9 de Lavigne et les environs. Le CCL s&rsquo;efforce d&rsquo;unifier, renforcer et cr\u00e9er des liens entre les membres de la communaut\u00e9 gr\u00e2ce au soutien continu des membres de la communaut\u00e9 [&hellip;]<\/p>\n","protected":false},"author":1,"featured_media":0,"parent":0,"menu_order":0,"comment_status":"closed","ping_status":"closed","template":"","meta":{"_coblocks_attr":"","_coblocks_dimensions":"","_coblocks_responsive_height":"","_coblocks_accordion_ie_support":"","footnotes":""},"class_list":["post-10","page","type-page","status-publish","hentry","post"],"_links":{"self":[{"href":"https:\/\/lavigneontario.ca\/en\/wp-json\/wp\/v2\/pages\/10","targetHints":{"allow":["GET"]}}],"collection":[{"href":"https:\/\/lavigneontario.ca\/en\/wp-json\/wp\/v2\/pages"}],"about":[{"href":"https:\/\/lavigneontario.ca\/en\/wp-json\/wp\/v2\/types\/page"}],"author":[{"embeddable":true,"href":"https:\/\/lavigneontario.ca\/en\/wp-json\/wp\/v2\/users\/1"}],"replies":[{"embeddable":true,"href":"https:\/\/lavigneontario.ca\/en\/wp-json\/wp\/v2\/comments?post=10"}],"version-history":[{"count":55,"href":"https:\/\/lavigneontario.ca\/en\/wp-json\/wp\/v2\/pages\/10\/revisions"}],"predecessor-version":[{"id":1422,"href":"https:\/\/lavigneontario.ca\/en\/wp-json\/wp\/v2\/pages\/10\/revisions\/1422"}],"wp:attachment":[{"href":"https:\/\/lavigneontario.ca\/en\/wp-json\/wp\/v2\/media?parent=10"}],"curies":[{"name":"wp","href":"https:\/\/api.w.org\/{rel}","templated":true}]}}